{"id":2,"date":"2025-09-21T15:47:24","date_gmt":"2025-09-21T20:47:24","guid":{"rendered":"https:\/\/ierosario.edu.co\/sitio\/?page_id=2"},"modified":"2025-09-22T20:49:51","modified_gmt":"2025-09-23T01:49:51","slug":"identidad-intitucional","status":"publish","type":"page","link":"https:\/\/ierosario.edu.co\/sitio\/index.php\/identidad-intitucional\/","title":{"rendered":"Identidad Intitucional"},"content":{"rendered":"\n<p><strong>Misi\u00f3n<\/strong><\/p>\n\n\n\n<p>La Instituci\u00f3n Educativa rural El Rosario del municipio de \u2013 Tierralta, C\u00f3rdoba, es un ente garante de derechos que forma a sus estudiantes de manera integral a trav\u00e9s de sus procesos educativos basados en el modelo constructivista con enfoque social y agroambiental, como herramientas para el mejoramiento de su calidad de vida.<\/p>\n\n\n\n<p><strong>Visi\u00f3n<\/strong><\/p>\n\n\n\n<p>La Instituci\u00f3n Educativa Rural El Rosario del municipio de Tierralta, C\u00f3rdoba para el a\u00f1o 2025 se proyecta como un ente garante de derechos de ni\u00f1os, ni\u00f1as y adolescentes que ofrece una educaci\u00f3n de calidad, con espacios f\u00edsicos suficientes que inciden en la transformaci\u00f3n y cuidado del ambiente.<\/p>\n","protected":false},"excerpt":{"rendered":"<p>Misi\u00f3n La Instituci\u00f3n Educativa rural El Rosario del municipio de [&hellip;]<\/p>\n","protected":false},"author":1,"featured_media":0,"parent":0,"menu_order":0,"comment_status":"closed","ping_status":"closed","template":"","meta":[],"_links":{"self":[{"href":"https:\/\/ierosario.edu.co\/sitio\/index.php\/wp-json\/wp\/v2\/pages\/2"}],"collection":[{"href":"https:\/\/ierosario.edu.co\/sitio\/index.php\/wp-json\/wp\/v2\/pages"}],"about":[{"href":"https:\/\/ierosario.edu.co\/sitio\/index.php\/wp-json\/wp\/v2\/types\/page"}],"author":[{"embeddable":true,"href":"https:\/\/ierosario.edu.co\/sitio\/index.php\/wp-json\/wp\/v2\/users\/1"}],"replies":[{"embeddable":true,"href":"https:\/\/ierosario.edu.co\/sitio\/index.php\/wp-json\/wp\/v2\/comments?post=2"}],"version-history":[{"count":4,"href":"https:\/\/ierosario.edu.co\/sitio\/index.php\/wp-json\/wp\/v2\/pages\/2\/revisions"}],"predecessor-version":[{"id":31,"href":"https:\/\/ierosario.edu.co\/sitio\/index.php\/wp-json\/wp\/v2\/pages\/2\/revisions\/31"}],"wp:attachment":[{"href":"https:\/\/ierosario.edu.co\/sitio\/index.php\/wp-json\/wp\/v2\/media?parent=2"}],"curies":[{"name":"wp","href":"https:\/\/api.w.org\/{rel}","templated":true}]}}